{"id":32085,"date":"2014-10-27T15:45:22","date_gmt":"2014-10-27T15:45:22","guid":{"rendered":"https:\/\/sut.stefaniktrail.sk\/1-creative\/"},"modified":"2025-11-10T13:13:22","modified_gmt":"2025-11-10T12:13:22","slug":"home","status":"publish","type":"page","link":"https:\/\/sut.stefaniktrail.sk\/at\/?page_id=59505","title":{"rendered":"Home"},"content":{"rendered":"<div class=\"wpb-content-wrapper\"><div data-vc-full-width=\"true\" data-vc-full-width-init=\"false\" class=\"vc_row wpb_row vc_row-fluid vc_custom_1755103240171 vc_row-has-fill\"><div class=\"wpb_column vc_column_container vc_col-sm-12 vc_col-has-fill\"><div class=\"vc_column-inner vc_custom_1755101166088\"><div class=\"wpb_wrapper\">\n\t<div  class=\"wpb_single_image wpb_content_element vc_align_center  vc_custom_1755101134955\">\n\t\t\n\t\t<figure class=\"wpb_wrapper vc_figure\">\n\t\t\t<div class=\"vc_single_image-wrapper   vc_box_border_grey\"><img loading=\"lazy\" decoding=\"async\" width=\"1080\" height=\"360\" src=\"https:\/\/sut.stefaniktrail.sk\/wp-content\/uploads\/2025\/08\/banner-new-at.png\" class=\"vc_single_image-img attachment-full\" alt=\"\" title=\"banner-new\" srcset=\"https:\/\/sut.stefaniktrail.sk\/wp-content\/uploads\/2025\/08\/banner-new-at.png 1080w, https:\/\/sut.stefaniktrail.sk\/wp-content\/uploads\/2025\/08\/banner-new-at-300x100.png 300w, https:\/\/sut.stefaniktrail.sk\/wp-content\/uploads\/2025\/08\/banner-new-at-1024x341.png 1024w, https:\/\/sut.stefaniktrail.sk\/wp-content\/uploads\/2025\/08\/banner-new-at-768x256.png 768w, https:\/\/sut.stefaniktrail.sk\/wp-content\/uploads\/2025\/08\/banner-new-at-18x6.png 18w, https:\/\/sut.stefaniktrail.sk\/wp-content\/uploads\/2025\/08\/banner-new-at-900x300.png 900w\" sizes=\"auto, (max-width: 1080px) 100vw, 1080px\"  data-dt-location=\"https:\/\/sut.stefaniktrail.sk\/at\/home\/banner-new\/\" \/><\/div>\n\t\t<\/figure>\n\t<\/div>\n<\/div><\/div><\/div><\/div><div class=\"vc_row-full-width vc_clearfix\"><\/div><!-- Row Backgrounds --><div class=\"upb_grad\" data-grad=\"background: -webkit-gradient(linear, left top, left bottom, color-stop(39%, #F7F3EB), color-stop(39%, #F7F3EB), color-stop(39%, #FFFFFF));background: -moz-linear-gradient(top,#F7F3EB 39%,#F7F3EB 39%,#FFFFFF 39%);background: -webkit-linear-gradient(top,#F7F3EB 39%,#F7F3EB 39%,#FFFFFF 39%);background: -o-linear-gradient(top,#F7F3EB 39%,#F7F3EB 39%,#FFFFFF 39%);background: -ms-linear-gradient(top,#F7F3EB 39%,#F7F3EB 39%,#FFFFFF 39%);background: linear-gradient(top,#F7F3EB 39%,#F7F3EB 39%,#FFFFFF 39%);\" data-bg-override=\"ex-full\" data-upb-overlay-color=\"\" data-upb-bg-animation=\"\" data-fadeout=\"\" data-fadeout-percentage=\"30\" data-parallax-content=\"\" data-parallax-content-sense=\"30\" data-row-effect-mobile-disable=\"true\" data-img-parallax-mobile-disable=\"true\" data-rtl=\"false\"  data-custom-vc-row=\"\"  data-vc=\"8.3.1\"  data-is_old_vc=\"\"  data-theme-support=\"\"   data-overlay=\"false\" data-overlay-color=\"\" data-overlay-pattern=\"\" data-overlay-pattern-opacity=\"\" data-overlay-pattern-size=\"\"    ><\/div><div data-vc-full-width=\"true\" data-vc-full-width-init=\"false\" class=\"vc_row wpb_row vc_row-fluid vc_custom_1743021579476 vc_row-has-fill vc_row-o-equal-height vc_row-flex\"><div class=\"wpb_column vc_column_container vc_col-sm-12\"><div class=\"vc_column-inner vc_custom_1652954099809\"><div class=\"wpb_wrapper\"><div id=\"ultimate-heading-795869e92ac3e1660\" class=\"uvc-heading ult-adjust-bottom-margin ultimate-heading-795869e92ac3e1660 uvc-6969 accent-border-color color-title\" data-hspacer=\"no_spacer\"  data-halign=\"center\" style=\"text-align:center\"><div class=\"uvc-heading-spacer no_spacer\" style=\"top\"><\/div><div class=\"uvc-main-heading ult-responsive\"  data-ultimate-target='.uvc-heading.ultimate-heading-795869e92ac3e1660 h2'  data-responsive-json-new='{\"font-size\":\"desktop:40px;\",\"line-height\":\"\"}' ><h2 style=\"font-family:&#039;Unbounded&#039;;font-weight:700;margin-bottom:0px;\">W\u00e4hle dein Erlebnis!<\/h2><\/div><div class=\"uvc-sub-heading ult-responsive\"  data-ultimate-target='.uvc-heading.ultimate-heading-795869e92ac3e1660 .uvc-sub-heading '  data-responsive-json-new='{\"font-size\":\"desktop:20px;\",\"line-height\":\"desktop:28px;\"}'  style=\"font-family:&#039;Albert Sans&#039;;font-weight:500;\"><\/p>\n<p style=\"text-align: center;\">W\u00e4hle die Strecke und das Rennen, das am besten zu deinen F\u00e4higkeiten passt.<\/p>\n<p><\/div><\/div><\/div><\/div><\/div><\/div><div class=\"vc_row-full-width vc_clearfix\"><\/div><div class=\"vc_row wpb_row vc_row-fluid zazitok-centered-row vc_custom_1743577977170 vc_row-has-fill vc_row-o-equal-height vc_row-o-content-top vc_row-flex\"><div class=\"bg-ultra wpb_column vc_column_container vc_col-sm-3 vc_col-lg-3 vc_col-md-3 vc_col-xs-6 vc_col-has-fill\"><div class=\"vc_column-inner vc_custom_1749886912446\"><div class=\"wpb_wrapper\">\n\t<div  class=\"wpb_single_image wpb_content_element vc_align_center  vc_custom_1743423410591  custom-img-wrapper\">\n\t\t\n\t\t<figure class=\"wpb_wrapper vc_figure\">\n\t\t\t<div class=\"vc_single_image-wrapper   vc_box_border_grey\"><img loading=\"lazy\" decoding=\"async\" width=\"270\" height=\"360\" src=\"https:\/\/sut.stefaniktrail.sk\/wp-content\/uploads\/2025\/03\/ultra.png\" class=\"vc_single_image-img attachment-full\" alt=\"\" title=\"ultra\" srcset=\"https:\/\/sut.stefaniktrail.sk\/wp-content\/uploads\/2025\/03\/ultra.png 270w, https:\/\/sut.stefaniktrail.sk\/wp-content\/uploads\/2025\/03\/ultra-225x300.png 225w, https:\/\/sut.stefaniktrail.sk\/wp-content\/uploads\/2025\/03\/ultra-9x12.png 9w\" sizes=\"auto, (max-width: 270px) 100vw, 270px\"  data-dt-location=\"https:\/\/sut.stefaniktrail.sk\/at\/home\/ultra\/\" \/><\/div>\n\t\t<\/figure>\n\t<\/div>\n<div id=\"ultimate-heading-303869e92ac3e294f\" class=\"uvc-heading ult-adjust-bottom-margin ultimate-heading-303869e92ac3e294f uvc-9458 bg-ultra\" data-hspacer=\"no_spacer\"  data-halign=\"center\" style=\"text-align:center\"><div class=\"uvc-heading-spacer no_spacer\" style=\"top\"><\/div><div class=\"uvc-main-heading ult-responsive\"  data-ultimate-target='.uvc-heading.ultimate-heading-303869e92ac3e294f h2'  data-responsive-json-new='{\"font-size\":\"desktop:24px;tablet:24px;tablet_portrait:20px;mobile_landscape:20px;mobile:18px;\",\"line-height\":\"\"}' ><h2 style=\"font-family:&#039;Albert Sans&#039;;font-weight:900;color:#386F78;\">Ultramarathon<\/h2><\/div><div class=\"uvc-sub-heading ult-responsive\"  data-ultimate-target='.uvc-heading.ultimate-heading-303869e92ac3e294f .uvc-sub-heading '  data-responsive-json-new='{\"font-size\":\"desktop:16px;tablet:16px;tablet_portrait:14px;mobile_landscape:14px;mobile:12px;\",\"line-height\":\"\"}'  style=\"font-family:&#039;Albert Sans&#039;;font-weight:600;color:#386F78;\"><\/p>\n<p style=\"text-align: center;\">52 km \/ +1540 m<\/p>\n<p><\/div><\/div><div class=\"vc_custom_1743770759443 ubtn-ctn-center\"><a class=\"ubtn-link ult-adjust-bottom-margin ubtn-center ubtn-custom\" href=\"https:\/\/sut.stefaniktrail.sk\/at\/ultramaraton\/\" ><button type=\"button\" id=\"ubtn-4914\"  class=\"ubtn ult-adjust-bottom-margin ult-responsive ubtn-custom ubtn-no-hover-bg  ulta-grow  ubtn-center   tooltip-69e92ac3e29c4\"  data-hover=\"\" data-border-color=\"\" data-bg=\"#386F78\" data-hover-bg=\"\" data-border-hover=\"\" data-shadow-hover=\"\" data-shadow-click=\"none\" data-shadow=\"\" data-shd-shadow=\"\"  data-ultimate-target='#ubtn-4914'  data-responsive-json-new='{\"font-size\":\"desktop:18px;tablet:18px;tablet_portrait:16px;mobile_landscape:16px;mobile:14px;\",\"line-height\":\"desktop:40px;\"}'  style=\"font-family:&#039;Albert Sans&#039;;font-weight:700;width:145px;min-height:40px;padding:px px;border:none;background: #386F78;color: #FFD3E9;\"><span class=\"ubtn-hover\" style=\"background-color:\"><\/span><span class=\"ubtn-data ubtn-text\" >MEHR INFO<\/span><\/button><\/a><\/div>\n\t<div class=\"wpb_text_column wpb_content_element\" >\n\t\t<div class=\"wpb_wrapper\">\n\t\t\t<p style=\"text-align: center;\"><a style=\"font-family: 'Albert Sans', sans-serif; font-weight: 600; font-size: 16px; line-height: 140%; letter-spacing: 0%; text-decoration: none; color: #386f78;\" href=\"https:\/\/www.vysledkovyservis.sk\/stefanik-urban-trail\/stefanik-urban-trail-ultramaraton\">Anmeldung<br \/>\n<\/a><\/p>\n\n\t\t<\/div>\n\t<\/div>\n<\/div><\/div><\/div><div class=\"bg-stafeta wpb_column vc_column_container vc_col-sm-3 vc_col-lg-3 vc_col-md-3 vc_col-xs-6 vc_col-has-fill\"><div class=\"vc_column-inner vc_custom_1743498307234\"><div class=\"wpb_wrapper\">\n\t<div  class=\"wpb_single_image wpb_content_element vc_align_center  vc_custom_1743499531573  bg-stafeta\">\n\t\t\n\t\t<figure class=\"wpb_wrapper vc_figure\">\n\t\t\t<div class=\"vc_single_image-wrapper   vc_box_border_grey\"><img loading=\"lazy\" decoding=\"async\" width=\"270\" height=\"360\" src=\"https:\/\/sut.stefaniktrail.sk\/wp-content\/uploads\/2025\/03\/stafeta.png\" class=\"vc_single_image-img attachment-full\" alt=\"\" title=\"Staffel\" srcset=\"https:\/\/sut.stefaniktrail.sk\/wp-content\/uploads\/2025\/03\/stafeta.png 270w, https:\/\/sut.stefaniktrail.sk\/wp-content\/uploads\/2025\/03\/stafeta-225x300.png 225w, https:\/\/sut.stefaniktrail.sk\/wp-content\/uploads\/2025\/03\/stafeta-9x12.png 9w\" sizes=\"auto, (max-width: 270px) 100vw, 270px\"  data-dt-location=\"https:\/\/sut.stefaniktrail.sk\/at\/home\/stafeta-3\/\" \/><\/div>\n\t\t<\/figure>\n\t<\/div>\n<div id=\"ultimate-heading-312869e92ac3e3c3d\" class=\"uvc-heading ult-adjust-bottom-margin ultimate-heading-312869e92ac3e3c3d uvc-5550\" data-hspacer=\"no_spacer\"  data-halign=\"center\" style=\"text-align:center\"><div class=\"uvc-heading-spacer no_spacer\" style=\"top\"><\/div><div class=\"uvc-main-heading ult-responsive\"  data-ultimate-target='.uvc-heading.ultimate-heading-312869e92ac3e3c3d h2'  data-responsive-json-new='{\"font-size\":\"desktop:24px;tablet:24px;tablet_portrait:20px;mobile_landscape:20px;mobile:18px;\",\"line-height\":\"\"}' ><h2 style=\"font-family:&#039;Albert Sans&#039;;font-weight:900;color:#256493;\">4er-Staffel<\/h2><\/div><div class=\"uvc-sub-heading ult-responsive\"  data-ultimate-target='.uvc-heading.ultimate-heading-312869e92ac3e3c3d .uvc-sub-heading '  data-responsive-json-new='{\"font-size\":\"desktop:16px;tablet:16px;tablet_portrait:14px;mobile_landscape:14px;mobile:12px;\",\"line-height\":\"\"}'  style=\"font-family:&#039;Albert Sans&#039;;font-weight:600;color:#256493;\"><\/p>\n<p style=\"text-align: center;\">52 km \/ +1540 m<\/p>\n<p><\/div><\/div><div class=\"vc_custom_1743770784734 ubtn-ctn-center\"><a class=\"ubtn-link ult-adjust-bottom-margin ubtn-center ubtn-custom\" href=\"https:\/\/sut.stefaniktrail.sk\/at\/stafeta\/\" ><button type=\"button\" id=\"ubtn-4170\"  class=\"ubtn ult-adjust-bottom-margin ult-responsive ubtn-custom ubtn-no-hover-bg  ulta-grow  ubtn-center   tooltip-69e92ac3e3ca3\"  data-hover=\"\" data-border-color=\"\" data-bg=\"#256493\" data-hover-bg=\"\" data-border-hover=\"\" data-shadow-hover=\"\" data-shadow-click=\"none\" data-shadow=\"\" data-shd-shadow=\"\"  data-ultimate-target='#ubtn-4170'  data-responsive-json-new='{\"font-size\":\"desktop:18px;tablet:18px;tablet_portrait:16px;mobile_landscape:16px;mobile:14px;\",\"line-height\":\"desktop:40px;\"}'  style=\"font-family:&#039;Albert Sans&#039;;font-weight:700;width:145px;min-height:40px;padding:px px;border:none;background: #256493;color: #FFD8CC;\"><span class=\"ubtn-hover\" style=\"background-color:\"><\/span><span class=\"ubtn-data ubtn-text\" >MEHR INFO<\/span><\/button><\/a><\/div>\n\t<div class=\"wpb_text_column wpb_content_element\" >\n\t\t<div class=\"wpb_wrapper\">\n\t\t\t<p style=\"text-align: center;\"><a style=\"font-family: 'Albert Sans', sans-serif; font-weight: 600; font-size: 16px; line-height: 140%; letter-spacing: 0%; text-decoration: none; color: #256493;\" href=\"https:\/\/www.vysledkovyservis.sk\/stefanik-urban-trail\/stefanik-urban-trail-stafeta\">Anmeldung<br \/>\n<\/a><\/p>\n\n\t\t<\/div>\n\t<\/div>\n<\/div><\/div><\/div><div class=\"bg-polmaraton wpb_column vc_column_container vc_col-sm-3 vc_col-lg-3 vc_col-md-3 vc_col-xs-6 vc_col-has-fill\"><div class=\"vc_column-inner vc_custom_1743499537113\"><div class=\"wpb_wrapper\">\n\t<div  class=\"wpb_single_image wpb_content_element vc_align_center  vc_custom_1743499551351  bg-polmaraton\">\n\t\t\n\t\t<figure class=\"wpb_wrapper vc_figure\">\n\t\t\t<div class=\"vc_single_image-wrapper   vc_box_border_grey\"><img loading=\"lazy\" decoding=\"async\" width=\"270\" height=\"360\" src=\"https:\/\/sut.stefaniktrail.sk\/wp-content\/uploads\/2025\/03\/polmaraton.png\" class=\"vc_single_image-img attachment-full\" alt=\"\" title=\"Halbmarathon\" srcset=\"https:\/\/sut.stefaniktrail.sk\/wp-content\/uploads\/2025\/03\/polmaraton.png 270w, https:\/\/sut.stefaniktrail.sk\/wp-content\/uploads\/2025\/03\/polmaraton-225x300.png 225w, https:\/\/sut.stefaniktrail.sk\/wp-content\/uploads\/2025\/03\/polmaraton-9x12.png 9w\" sizes=\"auto, (max-width: 270px) 100vw, 270px\"  data-dt-location=\"https:\/\/sut.stefaniktrail.sk\/at\/home\/polmaraton\/\" \/><\/div>\n\t\t<\/figure>\n\t<\/div>\n<div id=\"ultimate-heading-928869e92ac3e4c76\" class=\"uvc-heading ult-adjust-bottom-margin ultimate-heading-928869e92ac3e4c76 uvc-6156\" data-hspacer=\"no_spacer\"  data-halign=\"center\" style=\"text-align:center\"><div class=\"uvc-heading-spacer no_spacer\" style=\"top\"><\/div><div class=\"uvc-main-heading ult-responsive\"  data-ultimate-target='.uvc-heading.ultimate-heading-928869e92ac3e4c76 h2'  data-responsive-json-new='{\"font-size\":\"desktop:24px;tablet:24px;tablet_portrait:20px;mobile_landscape:20px;mobile:18px;\",\"line-height\":\"\"}' ><h2 style=\"font-family:&#039;Albert Sans&#039;;font-weight:900;color:#794257;\">Halbmarathon<\/h2><\/div><div class=\"uvc-sub-heading ult-responsive\"  data-ultimate-target='.uvc-heading.ultimate-heading-928869e92ac3e4c76 .uvc-sub-heading '  data-responsive-json-new='{\"font-size\":\"desktop:16px;tablet:16px;tablet_portrait:14px;mobile_landscape:14px;mobile:12px;\",\"line-height\":\"\"}'  style=\"font-family:&#039;Albert Sans&#039;;font-weight:600;color:#794257;\"><\/p>\n<p style=\"text-align: center;\">23 km \/ +780 m<\/p>\n<p><\/div><\/div><div class=\"vc_custom_1743770808277 ubtn-ctn-center\"><a class=\"ubtn-link ult-adjust-bottom-margin ubtn-center ubtn-custom\" href=\"https:\/\/sut.stefaniktrail.sk\/at\/polmaraton\/\" ><button type=\"button\" id=\"ubtn-8994\"  class=\"ubtn ult-adjust-bottom-margin ult-responsive ubtn-custom ubtn-no-hover-bg  ulta-grow  ubtn-center   tooltip-69e92ac3e4ce3\"  data-hover=\"\" data-border-color=\"\" data-bg=\"#794257\" data-hover-bg=\"\" data-border-hover=\"\" data-shadow-hover=\"\" data-shadow-click=\"none\" data-shadow=\"\" data-shd-shadow=\"\"  data-ultimate-target='#ubtn-8994'  data-responsive-json-new='{\"font-size\":\"desktop:18px;tablet:18px;tablet_portrait:16px;mobile_landscape:16px;mobile:14px;\",\"line-height\":\"desktop:40px;\"}'  style=\"font-family:&#039;Albert Sans&#039;;font-weight:700;width:145px;min-height:40px;padding:px px;border:none;background: #794257;color: #BFEAF4;\"><span class=\"ubtn-hover\" style=\"background-color:\"><\/span><span class=\"ubtn-data ubtn-text\" >MEHR INFO<\/span><\/button><\/a><\/div>\n\t<div class=\"wpb_text_column wpb_content_element\" >\n\t\t<div class=\"wpb_wrapper\">\n\t\t\t<p style=\"text-align: center;\"><a style=\"font-family: 'Albert Sans', sans-serif; font-weight: 600; font-size: 16px; line-height: 140%; letter-spacing: 0%; text-decoration: none; color: #794257;\" href=\"https:\/\/www.vysledkovyservis.sk\/stefanik-urban-trail\/stefanik-urban-trail-polmaraton\">Anmeldung<br \/>\n<\/a><\/p>\n\n\t\t<\/div>\n\t<\/div>\n<\/div><\/div><\/div><div class=\"bg-nw wpb_column vc_column_container vc_col-sm-3 vc_col-lg-3 vc_col-md-3 vc_col-xs-6 vc_col-has-fill\"><div class=\"vc_column-inner vc_custom_1743499557791\"><div class=\"wpb_wrapper\">\n\t<div  class=\"wpb_single_image wpb_content_element vc_align_center  vc_custom_1743499567966  bg-nw\">\n\t\t\n\t\t<figure class=\"wpb_wrapper vc_figure\">\n\t\t\t<div class=\"vc_single_image-wrapper   vc_box_border_grey\"><img loading=\"lazy\" decoding=\"async\" width=\"270\" height=\"360\" src=\"https:\/\/sut.stefaniktrail.sk\/wp-content\/uploads\/2025\/03\/nw.png\" class=\"vc_single_image-img attachment-full\" alt=\"\" title=\"nw\" srcset=\"https:\/\/sut.stefaniktrail.sk\/wp-content\/uploads\/2025\/03\/nw.png 270w, https:\/\/sut.stefaniktrail.sk\/wp-content\/uploads\/2025\/03\/nw-225x300.png 225w, https:\/\/sut.stefaniktrail.sk\/wp-content\/uploads\/2025\/03\/nw-9x12.png 9w\" sizes=\"auto, (max-width: 270px) 100vw, 270px\"  data-dt-location=\"https:\/\/sut.stefaniktrail.sk\/at\/home\/nw\/\" \/><\/div>\n\t\t<\/figure>\n\t<\/div>\n<div id=\"ultimate-heading-269369e92ac3e5c94\" class=\"uvc-heading ult-adjust-bottom-margin ultimate-heading-269369e92ac3e5c94 uvc-2111\" data-hspacer=\"no_spacer\"  data-halign=\"center\" style=\"text-align:center\"><div class=\"uvc-heading-spacer no_spacer\" style=\"top\"><\/div><div class=\"uvc-main-heading ult-responsive\"  data-ultimate-target='.uvc-heading.ultimate-heading-269369e92ac3e5c94 h2'  data-responsive-json-new='{\"font-size\":\"desktop:24px;tablet:24px;tablet_portrait:20px;mobile_landscape:20px;mobile:18px;\",\"line-height\":\"\"}' ><h2 style=\"font-family:&#039;Albert Sans&#039;;font-weight:900;color:#655B92;\">Nordic Walking<\/h2><\/div><div class=\"uvc-sub-heading ult-responsive\"  data-ultimate-target='.uvc-heading.ultimate-heading-269369e92ac3e5c94 .uvc-sub-heading '  data-responsive-json-new='{\"font-size\":\"desktop:16px;tablet:16px;tablet_portrait:14px;mobile_landscape:14px;mobile:12px;\",\"line-height\":\"\"}'  style=\"font-family:&#039;Albert Sans&#039;;font-weight:600;color:#655B92;\"><\/p>\n<p style=\"text-align: center;\">23 km \/ +780 m<\/p>\n<p><\/div><\/div><div class=\"vc_custom_1743770829210 ubtn-ctn-center\"><a class=\"ubtn-link ult-adjust-bottom-margin ubtn-center ubtn-custom\" href=\"https:\/\/sut.stefaniktrail.sk\/at\/nordic-walking\/\" ><button type=\"button\" id=\"ubtn-5479\"  class=\"ubtn ult-adjust-bottom-margin ult-responsive ubtn-custom ubtn-no-hover-bg  ulta-grow  ubtn-center   tooltip-69e92ac3e5cfb\"  data-hover=\"\" data-border-color=\"\" data-bg=\"#655B92\" data-hover-bg=\"\" data-border-hover=\"\" data-shadow-hover=\"\" data-shadow-click=\"none\" data-shadow=\"\" data-shd-shadow=\"\"  data-ultimate-target='#ubtn-5479'  data-responsive-json-new='{\"font-size\":\"desktop:18px;tablet:18px;tablet_portrait:16px;mobile_landscape:16px;mobile:14px;\",\"line-height\":\"desktop:40px;\"}'  style=\"font-family:&#039;Albert Sans&#039;;font-weight:700;width:145px;min-height:40px;padding:px px;border:none;background: #655B92;color: #D4F0CC;\"><span class=\"ubtn-hover\" style=\"background-color:\"><\/span><span class=\"ubtn-data ubtn-text\" >MEHR INFO<\/span><\/button><\/a><\/div>\n\t<div class=\"wpb_text_column wpb_content_element\" >\n\t\t<div class=\"wpb_wrapper\">\n\t\t\t<p style=\"text-align: center;\"><a style=\"font-family: 'Albert Sans', sans-serif; font-weight: 600; font-size: 16px; line-height: 140%; letter-spacing: 0%; text-decoration: none; color: #655b92;\" href=\"https:\/\/www.vysledkovyservis.sk\/stefanik-urban-trail\/stefanik-urban-trail-nordic-walking\">Anmeldung<br \/>\n<\/a><\/p>\n\n\t\t<\/div>\n\t<\/div>\n<\/div><\/div><\/div><\/div><!-- Row Backgrounds --><div class=\"upb_color\" data-bg-override=\"ex-full\" data-bg-color=\"#FFFFFF\" data-fadeout=\"\" data-fadeout-percentage=\"30\" data-parallax-content=\"\" data-parallax-content-sense=\"30\" data-row-effect-mobile-disable=\"true\" data-img-parallax-mobile-disable=\"true\" data-rtl=\"false\"  data-custom-vc-row=\"\"  data-vc=\"8.3.1\"  data-is_old_vc=\"\"  data-theme-support=\"\"   data-overlay=\"false\" data-overlay-color=\"\" data-overlay-pattern=\"\" data-overlay-pattern-opacity=\"\" data-overlay-pattern-size=\"\"    ><\/div><div class=\"vc_row wpb_row vc_row-fluid vc_custom_1749579362522\"><div class=\"wpb_column vc_column_container vc_col-sm-12\"><div class=\"vc_column-inner\"><div class=\"wpb_wrapper\"><div class=\"vc_empty_space\"   style=\"height: 16px\"><span class=\"vc_empty_space_inner\"><\/span><\/div>\n\t<div class=\"wpb_raw_code wpb_raw_html wpb_content_element\" >\n\t\t<div class=\"wpb_wrapper\">\n\t\t\t<!-- Hlavn\u00e9 tla\u010didlo, ktor\u00e9 JS sleduje -->\r\n<a\r\n  href=\"https:\/\/vysledky.vysledkovyservis.sk\/results.aspx?CId=16625&RId=6267\"\r\n  class=\"default-btn-shortcode registruj-sa btn-primary main-btn\"\r\n>\r\n  V\u00ddSLEDKY\r\n<\/a>\r\n\r\n<!-- Info p\u00e1sik -->\r\n<div class=\"info-strip\">\r\n  <div class=\"info-strip__content\">\r\n    <!-- \u013dav\u00e1 textov\u00e1 \u010das\u0165 -->\r\n    <div class=\"info-strip__text\">\r\n      <h2>Zaregistruj sa!<\/h2>\r\n    <\/div>\r\n    <!-- Prav\u00e1 ak\u010dn\u00e1 \u010das\u0165 -->\r\n    <div class=\"info-strip__actions\">\r\n      <a\r\n        href=\"https:\/\/www.vysledkovyservis.sk\/stefanik-urban-trail\/stefanik-urban-trail\"\r\n        class=\"btn-primary\"\r\n      >\r\n        MELDE DICH AN\r\n      <\/a>\r\n      <a href=\"https:\/\/www.vysledkovyservis.sk\/stefanik-urban-trail-zoznam\/\" class=\"info-strip__link\">Startliste<\/a>\r\n    <\/div>\r\n  <\/div>\r\n<\/div>\r\n\r\n<script>\r\ndocument.addEventListener('DOMContentLoaded', () => {\r\n  const mainBtn = document.querySelector('.registruj-sa');\r\n  const strip   = document.querySelector('.info-strip');\r\n  if (!mainBtn || !strip) return;\r\n  new IntersectionObserver(entries => {\r\n    strip.style.display = entries[0].isIntersecting ? 'none' : 'flex';\r\n  }, { root: null, threshold: 0 }).observe(mainBtn);\r\n});\r\n<\/script>\r\n\n\t\t<\/div>\n\t<\/div>\n\n\t<div class=\"wpb_text_column wpb_content_element  vc_custom_1755110594615\" >\n\t\t<div class=\"wpb_wrapper\">\n\t\t\t<p style=\"text-align: center;\"><a href=\"https:\/\/www.vysledkovyservis.sk\/stefanik-urban-trail-zoznam\/\">Startliste<\/a><\/p>\n\n\t\t<\/div>\n\t<\/div>\n<\/div><\/div><\/div><\/div><!-- Row Backgrounds --><div class=\"upb_color\" data-bg-override=\"ex-full\" data-bg-color=\"#FFFFFF\" data-fadeout=\"\" data-fadeout-percentage=\"30\" data-parallax-content=\"\" data-parallax-content-sense=\"30\" data-row-effect-mobile-disable=\"true\" data-img-parallax-mobile-disable=\"true\" data-rtl=\"false\"  data-custom-vc-row=\"\"  data-vc=\"8.3.1\"  data-is_old_vc=\"\"  data-theme-support=\"\"   data-overlay=\"false\" data-overlay-color=\"\" data-overlay-pattern=\"\" data-overlay-pattern-opacity=\"\" data-overlay-pattern-size=\"\"    ><\/div><div class=\"vc_row wpb_row vc_row-fluid vc_custom_1750238289383 vc_row-o-equal-height vc_row-o-content-top vc_row-flex\"><div class=\"wpb_column vc_column_container vc_col-sm-12\"><div class=\"vc_column-inner vc_custom_1652953874875\"><div class=\"wpb_wrapper\"><div id=\"ultimate-heading-596969e92ac3e782f\" class=\"uvc-heading ult-adjust-bottom-margin ultimate-heading-596969e92ac3e782f uvc-603 accent-border-color color-title\" data-hspacer=\"no_spacer\"  data-halign=\"center\" style=\"text-align:center\"><div class=\"uvc-heading-spacer no_spacer\" style=\"top\"><\/div><div class=\"uvc-main-heading ult-responsive\"  data-ultimate-target='.uvc-heading.ultimate-heading-596969e92ac3e782f h2'  data-responsive-json-new='{\"font-size\":\"desktop:40px;\",\"line-height\":\"desktop:56px;\"}' ><h2 style=\"font-family:&#039;Unbounded&#039;;font-weight:700;margin-bottom:0px;\">Eine Reise voller \u00dcberraschungen<\/h2><\/div><div class=\"uvc-sub-heading ult-responsive\"  data-ultimate-target='.uvc-heading.ultimate-heading-596969e92ac3e782f .uvc-sub-heading '  data-responsive-json-new='{\"font-size\":\"desktop:20px;\",\"line-height\":\"desktop:24px;\"}'  style=\"font-family:&#039;Albert Sans&#039;;font-weight:500;\"><\/p>\n<p style=\"text-align: center;\">Wir f\u00fchren dich durch bekannte und weniger bekannte Orte in Bratislava.<br \/>\nEntdecke Waldwege, nat\u00fcrliche und kulturelle Sehensw\u00fcrdigkeiten.<\/p>\n<p style=\"text-align: center;\"><a href=\"https:\/\/sut.stefaniktrail.sk\/at\/trasa-a-zaujimavosti\/\">Mehr \u00fcber die Strecke<\/a><\/p>\n<p><\/div><\/div>\n\t<div  class=\"wpb_single_image wpb_content_element vc_align_center\">\n\t\t\n\t\t<figure class=\"wpb_wrapper vc_figure\">\n\t\t\t<div class=\"vc_single_image-wrapper   vc_box_border_grey\"><img loading=\"lazy\" decoding=\"async\" width=\"800\" height=\"480\" src=\"https:\/\/sut.stefaniktrail.sk\/wp-content\/uploads\/2025\/04\/Property-1sand.png\" class=\"vc_single_image-img attachment-full\" alt=\"\" title=\"Property-1sand\" srcset=\"https:\/\/sut.stefaniktrail.sk\/wp-content\/uploads\/2025\/04\/Property-1sand.png 800w, https:\/\/sut.stefaniktrail.sk\/wp-content\/uploads\/2025\/04\/Property-1sand-300x180.png 300w, https:\/\/sut.stefaniktrail.sk\/wp-content\/uploads\/2025\/04\/Property-1sand-768x461.png 768w, https:\/\/sut.stefaniktrail.sk\/wp-content\/uploads\/2025\/04\/Property-1sand-18x12.png 18w\" sizes=\"auto, (max-width: 800px) 100vw, 800px\"  data-dt-location=\"https:\/\/sut.stefaniktrail.sk\/at\/home\/property-1sand\/\" \/><\/div>\n\t\t<\/figure>\n\t<\/div>\n<\/div><\/div><\/div><\/div><!-- Row Backgrounds --><div class=\"upb_color\" data-bg-override=\"ex-full\" data-bg-color=\"#F7F3EB\" data-fadeout=\"\" data-fadeout-percentage=\"30\" data-parallax-content=\"\" data-parallax-content-sense=\"30\" data-row-effect-mobile-disable=\"true\" data-img-parallax-mobile-disable=\"true\" data-rtl=\"false\"  data-custom-vc-row=\"\"  data-vc=\"8.3.1\"  data-is_old_vc=\"\"  data-theme-support=\"\"   data-overlay=\"false\" data-overlay-color=\"\" data-overlay-pattern=\"\" data-overlay-pattern-opacity=\"\" data-overlay-pattern-size=\"\"    ><\/div>\n<\/div>","protected":false},"excerpt":{"rendered":"<p>Vyber si svoj z\u00e1\u017eitok! Vyber si trasu a pretek, ktor\u00fd najlep\u0161ie vyhovuje tvojim schopnostiam. ULTRAMARAT\u00d3N 52 km \/ +1540 m VIAC INFO Registr\u00e1cia 4-\u0160TAFETA 52 km \/ +1540 m VIAC INFO Registr\u00e1cia POLMARAT\u00d3N 23 km \/ +780 m VIAC INFO Registr\u00e1cia NORDIC WALKING 23 km \/ +780 m VIAC INFO Registr\u00e1cia V\u00ddSLEDKY Zaregistruj sa! REGISTRUJ&hellip;<\/p>","protected":false},"author":1,"featured_media":0,"parent":0,"menu_order":1,"comment_status":"closed","ping_status":"closed","template":"","meta":{"_acf_changed":false,"inline_featured_image":false,"footnotes":""},"class_list":["post-32085","page","type-page","status-publish","hentry","description-off"],"acf":[],"aioseo_notices":[],"_links":{"self":[{"href":"https:\/\/sut.stefaniktrail.sk\/at\/wp-json\/wp\/v2\/pages\/32085","targetHints":{"allow":["GET"]}}],"collection":[{"href":"https:\/\/sut.stefaniktrail.sk\/at\/wp-json\/wp\/v2\/pages"}],"about":[{"href":"https:\/\/sut.stefaniktrail.sk\/at\/wp-json\/wp\/v2\/types\/page"}],"author":[{"embeddable":true,"href":"https:\/\/sut.stefaniktrail.sk\/at\/wp-json\/wp\/v2\/users\/1"}],"replies":[{"embeddable":true,"href":"https:\/\/sut.stefaniktrail.sk\/at\/wp-json\/wp\/v2\/comments?post=32085"}],"version-history":[{"count":171,"href":"https:\/\/sut.stefaniktrail.sk\/at\/wp-json\/wp\/v2\/pages\/32085\/revisions"}],"predecessor-version":[{"id":59997,"href":"https:\/\/sut.stefaniktrail.sk\/at\/wp-json\/wp\/v2\/pages\/32085\/revisions\/59997"}],"wp:attachment":[{"href":"https:\/\/sut.stefaniktrail.sk\/at\/wp-json\/wp\/v2\/media?parent=32085"}],"curies":[{"name":"wp","href":"https:\/\/api.w.org\/{rel}","templated":true}]}}