{"id":58936,"date":"2025-05-26T20:06:52","date_gmt":"2025-05-26T18:06:52","guid":{"rendered":"https:\/\/sut.stefaniktrail.sk\/?page_id=58936"},"modified":"2025-10-11T13:39:15","modified_gmt":"2025-10-11T11:39:15","slug":"merch","status":"publish","type":"page","link":"https:\/\/sut.stefaniktrail.sk\/at\/merch\/","title":{"rendered":"Merch"},"content":{"rendered":"<div class=\"wpb-content-wrapper\"><div class=\"vc_row wpb_row vc_row-fluid\"><div class=\"wpb_column vc_column_container vc_col-sm-2\"><div class=\"vc_column-inner\"><div class=\"wpb_wrapper\"><\/div><\/div><\/div><div class=\"wpb_column vc_column_container vc_col-sm-8\"><div class=\"vc_column-inner\"><div class=\"wpb_wrapper\">\n\t<div class=\"wpb_text_column wpb_content_element\" >\n\t\t<div class=\"wpb_wrapper\">\n\t\t\t<h2 style=\"text-align: center;\" data-start=\"846\" data-end=\"872\">Merch<\/h2>\n\n\t\t<\/div>\n\t<\/div>\n<div class=\"vc_empty_space\"   style=\"height: 24px\"><span class=\"vc_empty_space_inner\"><\/span><\/div>\n\t<div class=\"wpb_text_column wpb_content_element\" >\n\t\t<div class=\"wpb_wrapper\">\n\t\t\t<p>\ud83c\udfbd ONLINE SHOP je pozastaven\u00fd, ale merch \u017eije \u010falej!<br \/>\nOd 10.10. sa predaj pres\u00fava do MERCH st\u00e1nku v Eurovei (8. 11. 2025, 11:00\u201319:00).<\/p>\n<p>\ud83e\udde2 V\u0161etky produkty z online ponuky tak bud\u00fa dostupn\u00e9 aj v cieli podujatia v Eurovei \u2013 a\u017e do vypredania z\u00e1sob!<br \/>\nAk si si nestihol objedna\u0165 online, pr\u00ed\u010f si vybra\u0165 osobne.<\/p>\n<p>\ud83d\udc49 Ve\u013ekoplo\u0161n\u00fd stan ALITER TECHNOLOGIES \u2013 cie\u013e \u0160tef\u00e1nik Urban Trail.<br \/>\nTe\u0161\u00edme sa na v\u00e1s!<\/p>\n\n\t\t<\/div>\n\t<\/div>\n<\/div><\/div><\/div><div class=\"wpb_column vc_column_container vc_col-sm-2\"><div class=\"vc_column-inner\"><div class=\"wpb_wrapper\"><\/div><\/div><\/div><\/div><!-- Row Backgrounds --><div class=\"upb_color\" data-bg-override=\"ex-full\" data-bg-color=\"#FFFFFF\" data-fadeout=\"\" data-fadeout-percentage=\"30\" data-parallax-content=\"\" data-parallax-content-sense=\"30\" data-row-effect-mobile-disable=\"true\" data-img-parallax-mobile-disable=\"true\" data-rtl=\"false\"  data-custom-vc-row=\"\"  data-vc=\"8.3.1\"  data-is_old_vc=\"\"  data-theme-support=\"\"   data-overlay=\"false\" data-overlay-color=\"\" data-overlay-pattern=\"\" data-overlay-pattern-opacity=\"\" data-overlay-pattern-size=\"\"    ><\/div><div data-vc-full-width=\"true\" data-vc-full-width-init=\"false\" class=\"vc_row wpb_row vc_row-fluid vc_custom_1748286362539 vc_row-has-fill\"><div class=\"wpb_column vc_column_container vc_col-sm-12\"><div class=\"vc_column-inner\"><div class=\"wpb_wrapper\">\n\t<div class=\"wpb_raw_code wpb_raw_html wpb_content_element\" >\n\t\t<div class=\"wpb_wrapper\">\n\t\t\t<style>\r\n.merch-grid {\r\n  display: grid;\r\n  grid-template-columns: repeat(auto-fit, minmax(280px, 1fr));\r\n  gap: 2em;\r\n  margin:0 0 2em 0;\r\n  font-family: 'Albert Sans', sans-serif;\r\n  color: #000;\r\n}\r\n.merch-item {\r\n  border: 1px solid rgba(0,0,0,0.1);\r\n  padding: 1.2em;\r\n  border-radius: 0;\r\n  background: #fff;\r\n  text-align: center;\r\n  display: flex;\r\n  flex-direction: column;\r\n}\r\n.merch-title {\r\n  font-family: 'Unbounded', sans-serif;\r\n  font-size: 20px;\r\n  font-weight: 700;\r\n  margin-bottom: 0.5em;\r\n  color: #2267a6;\r\n  min-height: 60px;\r\n  display: flex;\r\n  align-items: center;\r\n  justify-content: center;\r\n  text-align: center;\r\n}\r\n.merch-price {\r\n  font-size: 18px;\r\n  color: #fb9d80;\r\n  margin-bottom: 0.5em;\r\n  min-height: 28px;\r\n}\r\n.merch-details {\r\n  font-size: 15px;\r\n  color: #555;\r\n  margin-bottom: 1em;\r\n  min-height: 36px;\r\n}\r\n.merch-button {\r\n  display: inline-block;\r\n  background: #fb9d80;\r\n  color: #fff;\r\n  padding: 0.6em 1.2em;\r\n  border-radius: 3px;\r\n  text-decoration: none;\r\n  font-weight: 700;\r\n  font-family: 'Roboto', sans-serif;\r\n  margin-top: auto;\r\n}\r\n.merch-button:hover {\r\n  background: #1fb6c3;\r\n}\r\n.drift-target {\r\n  width: 100%;\r\n  height: auto;\r\n  max-height: 250px;\r\n  object-fit: contain;\r\n}\r\n<\/style>\r\n<div class=\"merch-grid\">\r\n    <div class=\"merch-item\">\r\n    <div class=\"drift-container\" style=\"position: relative;\">\r\n      <img decoding=\"async\" class=\"drift-target\" src=\"https:\/\/sut.stefaniktrail.sk\/wp-content\/uploads\/2025\/05\/Mikina-LASKA-scaled.png\" alt=\"Hoody \u201eLiebe&quot;\" data-zoom=\"https:\/\/sut.stefaniktrail.sk\/wp-content\/uploads\/2025\/05\/Mikina-LASKA-scaled.png\" \/>\r\n    <\/div>\r\n    <div class=\"merch-title\">Hoody \u201eLiebe\"<\/div>\r\n    <div class=\"merch-price\">44 \u20ac<\/div>\r\n    <div class=\"merch-details\">8.11.2025 v cieli EUROVEA<\/div>\r\n    <a class=\"merch-button\" href=\"#\">v MERCH st\u00e1nku<\/a>\r\n  <\/div>\r\n\r\n  <div class=\"merch-item\">\r\n    <div class=\"drift-container\" style=\"position: relative;\">\r\n      <img decoding=\"async\" class=\"drift-target\" src=\"https:\/\/sut.stefaniktrail.sk\/wp-content\/uploads\/2025\/05\/Mikina-SLOBODA-scaled.png\" alt=\"Hoody \u201eFreiheit&quot;\" data-zoom=\"https:\/\/sut.stefaniktrail.sk\/wp-content\/uploads\/2025\/05\/Mikina-SLOBODA-scaled.png\" \/>\r\n    <\/div>\r\n    <div class=\"merch-title\">Hoody \u201eFreiheit\"<\/div>\r\n    <div class=\"merch-price\">44 \u20ac<\/div>\r\n    <div class=\"merch-details\">8.11.2025 v cieli EUROVEA<\/div>\r\n    <a class=\"merch-button\" href=\"#\">v MERCH st\u00e1nku<\/a>\r\n  <\/div>\r\n\r\n  <div class=\"merch-item\">\r\n    <div class=\"drift-container\" style=\"position: relative;\">\r\n      <img decoding=\"async\" class=\"drift-target\" src=\"https:\/\/sut.stefaniktrail.sk\/wp-content\/uploads\/2025\/05\/Magnetka-SRDCE-EUROPY-scaled.png\" alt=\"3D-Magnet \u201eHerz Europas&quot;\" data-zoom=\"https:\/\/sut.stefaniktrail.sk\/wp-content\/uploads\/2025\/05\/Magnetka-SRDCE-EUROPY-scaled.png\" \/>\r\n    <\/div>\r\n    <div class=\"merch-title\">3D-Magnet \u201eHerz Europas\"<\/div>\r\n    <div class=\"merch-price\">6 \u20ac<\/div>\r\n    <div class=\"merch-details\">8.11.2025 v cieli EUROVEA<\/div>\r\n    <a class=\"merch-button\" href=\"#\">v MERCH st\u00e1nku<\/a>\r\n  <\/div>\r\n\r\n  <div class=\"merch-item\">\r\n    <div class=\"drift-container\" style=\"position: relative;\">\r\n      <img decoding=\"async\" class=\"drift-target\" src=\"https:\/\/sut.stefaniktrail.sk\/wp-content\/uploads\/2025\/05\/Magnetka-STEFANIK-scaled.png\" alt=\"3D-Magnet \u201eGeneral&quot;\" data-zoom=\"https:\/\/sut.stefaniktrail.sk\/wp-content\/uploads\/2025\/05\/Magnetka-STEFANIK-scaled.png\" \/>\r\n    <\/div>\r\n    <div class=\"merch-title\">3D-Magnet \u201eGeneral\"<\/div>\r\n    <div class=\"merch-price\">6 \u20ac<\/div>\r\n    <div class=\"merch-details\">8.11.2025 v cieli EUROVEA<\/div>\r\n    <a class=\"merch-button\" href=\"#\">v MERCH st\u00e1nku<\/a>\r\n  <\/div>\r\n\r\n  <div class=\"merch-item\">\r\n    <div class=\"drift-container\" style=\"position: relative;\">\r\n      <img decoding=\"async\" class=\"drift-target\" src=\"https:\/\/sut.stefaniktrail.sk\/wp-content\/uploads\/2025\/05\/Magnetka-FONTANA-SLOBODY-scaled.png\" alt=\"3D-Magnet \u201eFreiheitsbrunnen&quot;\" data-zoom=\"https:\/\/sut.stefaniktrail.sk\/wp-content\/uploads\/2025\/05\/Magnetka-FONTANA-SLOBODY-scaled.png\" \/>\r\n    <\/div>\r\n    <div class=\"merch-title\">3D-Magnet \u201eFreiheitsbrunnen\"<\/div>\r\n    <div class=\"merch-price\">6 \u20ac<\/div>\r\n    <div class=\"merch-details\">8.11.2025 v cieli EUROVEA<\/div>\r\n    <a class=\"merch-button\" href=\"#\">v MERCH st\u00e1nku<\/a>\r\n  <\/div>\r\n\r\n  <div class=\"merch-item\">\r\n    <div class=\"drift-container\" style=\"position: relative;\">\r\n      <img decoding=\"async\" class=\"drift-target\" src=\"https:\/\/sut.stefaniktrail.sk\/wp-content\/uploads\/2025\/05\/Magnetka-ROZHLADNA-DEVINSKA-KOBYLA-scaled.png\" alt=\"3D Magnet \u201eDev\u00ednska Kobyla&quot;\" data-zoom=\"https:\/\/sut.stefaniktrail.sk\/wp-content\/uploads\/2025\/05\/Magnetka-ROZHLADNA-DEVINSKA-KOBYLA-scaled.png\" \/>\r\n    <\/div>\r\n    <div class=\"merch-title\">3D Magnet \u201eDev\u00ednska Kobyla\"<\/div>\r\n    <div class=\"merch-price\">6 \u20ac<\/div>\r\n    <div class=\"merch-details\">8.11.2025 v cieli EUROVEA<\/div>\r\n    <a class=\"merch-button\" href=\"#\">v MERCH st\u00e1nku<\/a>\r\n  <\/div>\r\n\r\n  <div class=\"merch-item\">\r\n    <div class=\"drift-container\" style=\"position: relative;\">\r\n      <img decoding=\"async\" class=\"drift-target\" src=\"https:\/\/sut.stefaniktrail.sk\/wp-content\/uploads\/2025\/05\/DRY-BAG-ST-RED.png\" alt=\"W\u00e4schesack 20L \u2013 Rot\" data-zoom=\"https:\/\/sut.stefaniktrail.sk\/wp-content\/uploads\/2025\/05\/DRY-BAG-ST-RED.png\" \/>\r\n    <\/div>\r\n    <div class=\"merch-title\">W\u00e4schesack 20L \u2013 Rot<\/div>\r\n    <div class=\"merch-price\">15 \u20ac<\/div>\r\n    <div class=\"merch-details\">8.11.2025 v cieli EUROVEA<\/div>\r\n    <a class=\"merch-button\" href=\"#\">v MERCH st\u00e1nku<\/a>\r\n  <\/div>\r\n\r\n  <div class=\"merch-item\">\r\n    <div class=\"drift-container\" style=\"position: relative;\">\r\n      <img decoding=\"async\" class=\"drift-target\" src=\"https:\/\/sut.stefaniktrail.sk\/wp-content\/uploads\/2025\/05\/DRY-BAG-ST-BLUE.png\" alt=\"W\u00e4schesack 20L \u2013 Blau\" data-zoom=\"https:\/\/sut.stefaniktrail.sk\/wp-content\/uploads\/2025\/05\/DRY-BAG-ST-BLUE.png\" \/>\r\n    <\/div>\r\n    <div class=\"merch-title\">W\u00e4schesack 20L \u2013 Blau<\/div>\r\n    <div class=\"merch-price\">15 \u20ac<\/div>\r\n    <div class=\"merch-details\">8.11.2025 v cieli EUROVEA<\/div>\r\n    <a class=\"merch-button\" href=\"#\">v MERCH st\u00e1nku<\/a>\r\n  <\/div>\r\n\r\n  <div class=\"merch-item\">\r\n    <div class=\"drift-container\" style=\"position: relative;\">\r\n      <img decoding=\"async\" class=\"drift-target\" src=\"https:\/\/sut.stefaniktrail.sk\/wp-content\/uploads\/2025\/05\/CIAPKA-FAST-TRAIL-BLUE.jpg\" alt=\"Fast Trail M\u00fctze\" data-zoom=\"https:\/\/sut.stefaniktrail.sk\/wp-content\/uploads\/2025\/05\/CIAPKA-FAST-TRAIL-BLUE.jpg\" \/>\r\n    <\/div>\r\n    <div class=\"merch-title\">Fast Trail M\u00fctze<\/div>\r\n    <div class=\"merch-price\">15 \u20ac<\/div>\r\n    <div class=\"merch-details\">8.11.2025 v cieli EUROVEA<\/div>\r\n    <a class=\"merch-button\" href=\"#\">v MERCH st\u00e1nku<\/a>\r\n  <\/div>\r\n\r\n  <div class=\"merch-item\">\r\n    <div class=\"drift-container\" style=\"position: relative;\">\r\n      <img decoding=\"async\" class=\"drift-target\" src=\"https:\/\/sut.stefaniktrail.sk\/wp-content\/uploads\/2025\/05\/CELENKA-ST-BLUE.jpg\" alt=\"Stirnband \u201eST \u2013 Blau&quot;\" data-zoom=\"https:\/\/sut.stefaniktrail.sk\/wp-content\/uploads\/2025\/05\/CELENKA-ST-BLUE.jpg\" \/>\r\n    <\/div>\r\n    <div class=\"merch-title\">Stirnband \u201eST \u2013 Blau\"<\/div>\r\n    <div class=\"merch-price\">12 \u20ac<\/div>\r\n    <div class=\"merch-details\">8.11.2025 v cieli EUROVEA<\/div>\r\n    <a class=\"merch-button\" href=\"#\">v MERCH st\u00e1nku<\/a>\r\n  <\/div>\r\n\r\n  <div class=\"merch-item\">\r\n    <div class=\"drift-container\" style=\"position: relative;\">\r\n      <img decoding=\"async\" class=\"drift-target\" src=\"https:\/\/sut.stefaniktrail.sk\/wp-content\/uploads\/2025\/05\/CELENKA-ST-RED.jpg\" alt=\"Stirnband \u201eST \u2013 Rot&quot;\" data-zoom=\"https:\/\/sut.stefaniktrail.sk\/wp-content\/uploads\/2025\/05\/CELENKA-ST-RED.jpg\" \/>\r\n    <\/div>\r\n    <div class=\"merch-title\">Stirnband \u201eST \u2013 Rot\"<\/div>\r\n    <div class=\"merch-price\">12 \u20ac<\/div>\r\n    <div class=\"merch-details\">8.11.2025 v cieli EUROVEA<\/div>\r\n    <a class=\"merch-button\" href=\"#\">v MERCH st\u00e1nku<\/a>\r\n  <\/div>\r\n  \r\n \r\n  <div class=\"merch-item\">\r\n    <div class=\"drift-container\" style=\"position: relative;\">\r\n      <img decoding=\"async\" class=\"drift-target\" src=\"https:\/\/sut.stefaniktrail.sk\/wp-content\/uploads\/2025\/05\/FLEXI-CUP-ST.jpg\" alt=\"Laufcup \u201eMilanko&quot;\" data-zoom=\"https:\/\/sut.stefaniktrail.sk\/wp-content\/uploads\/2025\/05\/FLEXI-CUP-ST.jpg\" \/>\r\n    <\/div>\r\n    <div class=\"merch-title\">Laufcup \u201eMilanko\"<\/div>\r\n    <div class=\"merch-price\">7 \u20ac<\/div>\r\n    <div class=\"merch-details\">8.11.2025 v cieli EUROVEA<\/div>\r\n    <a class=\"merch-button\" href=\"#\">v MERCH st\u00e1nku<\/a>\r\n  <\/div>\r\n  \r\n  <div class=\"merch-item\">\r\n    <div class=\"drift-container\" style=\"position: relative;\">\r\n      <img decoding=\"async\" class=\"drift-target\" src=\"https:\/\/sut.stefaniktrail.sk\/wp-content\/uploads\/2025\/05\/IZO-FOLIA_03.jpeg\" alt=\"Rettungsdecke\" data-zoom=\"https:\/\/sut.stefaniktrail.sk\/wp-content\/uploads\/2025\/05\/IZO-FOLIA_03.jpeg\" \/>\r\n    <\/div>\r\n    <div class=\"merch-title\">Rettungsdecke<\/div>\r\n    <div class=\"merch-price\">3 \u20ac<\/div>\r\n    <div class=\"merch-details\">8.11.2025 v cieli EUROVEA<\/div>\r\n    <a class=\"merch-button\" href=\"#\">v MERCH st\u00e1nku<\/a>\r\n  <\/div>\r\n  \r\n<\/div>\r\n<script src=\"https:\/\/cdn.jsdelivr.net\/npm\/drift-zoom\/dist\/Drift.min.js\"><\/script>\r\n<script>\r\ndocument.addEventListener(\"DOMContentLoaded\", function () {\r\n  document.querySelectorAll(\".drift-container\").forEach(container => {\r\n    const img = container.querySelector(\"img\");\r\n    new Drift(img, {\r\n      paneContainer: container,\r\n      inlinePane: false,\r\n      hoverBoundingBox: true,\r\n      zoomFactor: 3,\r\n    });\r\n  });\r\n});\r\n<\/script>\r\n\n\t\t<\/div>\n\t<\/div>\n<\/div><\/div><\/div><\/div><div class=\"vc_row-full-width vc_clearfix\"><\/div><!-- Row Backgrounds --><div class=\"upb_color\" data-bg-override=\"ex-full\" data-bg-color=\"#FFFFFF\" data-fadeout=\"\" data-fadeout-percentage=\"30\" data-parallax-content=\"\" data-parallax-content-sense=\"30\" data-row-effect-mobile-disable=\"true\" data-img-parallax-mobile-disable=\"true\" data-rtl=\"false\"  data-custom-vc-row=\"\"  data-vc=\"8.3.1\"  data-is_old_vc=\"\"  data-theme-support=\"\"   data-overlay=\"false\" data-overlay-color=\"\" data-overlay-pattern=\"\" data-overlay-pattern-opacity=\"\" data-overlay-pattern-size=\"\"    ><\/div>\n<\/div>","protected":false},"excerpt":{"rendered":"<p>Merch \ud83c\udfbd ONLINE SHOP je pozastaven\u00fd, ale merch \u017eije \u010falej! Od 10.10. sa predaj pres\u00fava do MERCH st\u00e1nku v Eurovei (8. 11. 2025, 11:00\u201319:00). \ud83e\udde2 V\u0161etky produkty z online ponuky tak bud\u00fa dostupn\u00e9 aj v cieli podujatia v Eurovei \u2013 a\u017e do vypredania z\u00e1sob! Ak si si nestihol objedna\u0165 online, pr\u00ed\u010f si vybra\u0165 osobne. \ud83d\udc49&hellip;<\/p>","protected":false},"author":1,"featured_media":0,"parent":0,"menu_order":0,"comment_status":"closed","ping_status":"closed","template":"","meta":{"_acf_changed":false,"inline_featured_image":false,"footnotes":""},"class_list":["post-58936","page","type-page","status-publish","hentry","description-off"],"acf":[],"aioseo_notices":[],"_links":{"self":[{"href":"https:\/\/sut.stefaniktrail.sk\/at\/wp-json\/wp\/v2\/pages\/58936","targetHints":{"allow":["GET"]}}],"collection":[{"href":"https:\/\/sut.stefaniktrail.sk\/at\/wp-json\/wp\/v2\/pages"}],"about":[{"href":"https:\/\/sut.stefaniktrail.sk\/at\/wp-json\/wp\/v2\/types\/page"}],"author":[{"embeddable":true,"href":"https:\/\/sut.stefaniktrail.sk\/at\/wp-json\/wp\/v2\/users\/1"}],"replies":[{"embeddable":true,"href":"https:\/\/sut.stefaniktrail.sk\/at\/wp-json\/wp\/v2\/comments?post=58936"}],"version-history":[{"count":59,"href":"https:\/\/sut.stefaniktrail.sk\/at\/wp-json\/wp\/v2\/pages\/58936\/revisions"}],"predecessor-version":[{"id":59921,"href":"https:\/\/sut.stefaniktrail.sk\/at\/wp-json\/wp\/v2\/pages\/58936\/revisions\/59921"}],"wp:attachment":[{"href":"https:\/\/sut.stefaniktrail.sk\/at\/wp-json\/wp\/v2\/media?parent=58936"}],"curies":[{"name":"wp","href":"https:\/\/api.w.org\/{rel}","templated":true}]}}