{"id":59850,"date":"2025-09-20T08:46:10","date_gmt":"2025-09-20T06:46:10","guid":{"rendered":"https:\/\/sut.stefaniktrail.sk\/?post_type=product&#038;p=59850"},"modified":"2025-09-20T21:07:45","modified_gmt":"2025-09-20T19:07:45","slug":"tricko-sandberg-tee-dark-berry","status":"publish","type":"product","link":"https:\/\/sut.stefaniktrail.sk\/at\/merch\/tricko-sandberg-tee-dark-berry\/","title":{"rendered":"Tri\u010dko Sandberg Tee &#8211; Dark Berry"},"content":{"rendered":"<p><strong>Tri\u010dko na objedn\u00e1vku do 10.10.2025<\/strong><\/p>\n<p data-start=\"388\" data-end=\"493\">Na tr\u00e9ning, do mesta aj na Sandberg \u2013 \u0161t\u00fdl, ktor\u00fd s tebou d\u00fdcha.<\/p>\n<p data-start=\"500\" data-end=\"621\"><strong data-start=\"500\" data-end=\"513\">Materi\u00e1l:<\/strong> 80% bavlna, 20% polyester. Ve\u013ekosti: S\u2013XL. Unisex, pohodln\u00fd strih, predn\u00e1 potla\u010d \u201eSandberg\u201c. Pranie: 30\u202f\u00b0C.<\/p>","protected":false},"excerpt":{"rendered":"<p>Ve\u013ekosti S\u2013XL<\/p>","protected":false},"featured_media":59864,"template":"","meta":{"_acf_changed":false,"inline_featured_image":false},"product_brand":[],"product_cat":[541],"product_tag":[],"class_list":{"0":"post-59850","1":"product","2":"type-product","3":"status-publish","4":"has-post-thumbnail","6":"product_cat-tricka-merch","7":"description-off","9":"first","10":"instock","11":"shipping-taxable","12":"purchasable","13":"product-type-variable"},"acf":[],"aioseo_notices":[],"_links":{"self":[{"href":"https:\/\/sut.stefaniktrail.sk\/at\/wp-json\/wp\/v2\/product\/59850","targetHints":{"allow":["GET"]}}],"collection":[{"href":"https:\/\/sut.stefaniktrail.sk\/at\/wp-json\/wp\/v2\/product"}],"about":[{"href":"https:\/\/sut.stefaniktrail.sk\/at\/wp-json\/wp\/v2\/types\/product"}],"wp:featuredmedia":[{"embeddable":true,"href":"https:\/\/sut.stefaniktrail.sk\/at\/wp-json\/wp\/v2\/media\/59864"}],"wp:attachment":[{"href":"https:\/\/sut.stefaniktrail.sk\/at\/wp-json\/wp\/v2\/media?parent=59850"}],"wp:term":[{"taxonomy":"product_brand","embeddable":true,"href":"https:\/\/sut.stefaniktrail.sk\/at\/wp-json\/wp\/v2\/product_brand?post=59850"},{"taxonomy":"product_cat","embeddable":true,"href":"https:\/\/sut.stefaniktrail.sk\/at\/wp-json\/wp\/v2\/product_cat?post=59850"},{"taxonomy":"product_tag","embeddable":true,"href":"https:\/\/sut.stefaniktrail.sk\/at\/wp-json\/wp\/v2\/product_tag?post=59850"}],"curies":[{"name":"wp","href":"https:\/\/api.w.org\/{rel}","templated":true}]}}